{"id":317,"date":"2021-07-08T17:40:53","date_gmt":"2021-07-08T15:40:53","guid":{"rendered":"https:\/\/www.ts-automation.eu\/de\/?page_id=317"},"modified":"2021-07-08T17:50:55","modified_gmt":"2021-07-08T15:50:55","slug":"forenregistrierung","status":"publish","type":"page","link":"https:\/\/www.ts-automation.eu\/de\/foren\/forenregistrierung\/","title":{"rendered":"Forenregistrierung"},"content":{"rendered":"\n<p>\n<form method=\"post\" action=\"https:\/\/www.ts-automation.eu\/de\/wp-login.php\" class=\"bbp-login-form\">\n\t<fieldset class=\"bbp-form\">\n\t\t<legend>Konto erstellen<\/legend>\n\n\t\t\n\t\t<div class=\"bbp-template-notice\">\n\t\t\t<ul>\n\t\t\t\t<li>Dein Benutzername muss einzigartig sein und kann im Nachhinein nicht mehr ge\u00e4ndert werden.<\/li>\n\t\t\t\t<li>Wir ben\u00f6tigen deine E-Mail-Adresse, um dir ein sicheres Passwort schicken und um dein Konto \u00fcberpr\u00fcfen zu k\u00f6nnen.<\/li>\n\t\t\t<\/ul>\n\t\t<\/div>\n\n\t\t<div class=\"bbp-username\">\n\t\t\t<label for=\"user_login\">Benutzername: <\/label>\n\t\t\t<input type=\"text\" name=\"user_login\" value=\"\" size=\"20\" id=\"user_login\" maxlength=\"100\" autocomplete=\"off\" \/>\n\t\t<\/div>\n\n\t\t<div class=\"bbp-email\">\n\t\t\t<label for=\"user_email\">E-Mail: <\/label>\n\t\t\t<input type=\"text\" name=\"user_email\" value=\"\" size=\"20\" id=\"user_email\" maxlength=\"100\" autocomplete=\"off\" \/>\n\t\t<\/div>\n\n\t\t<p class=\"cptch_block\"><span class=\"cptch_title cptch_to_remove\">Bitte vervollst\u00e4ndigen Sie das Captcha Feld.<span class=\"required\"> *<\/span><\/span><span \n\t\t\t\tclass=\"cptch_wrap cptch_ajax_wrap\"\n\t\t\t\tdata-cptch-form=\"wp_register\"\n\t\t\t\tdata-cptch-input=\"cptch_number\"\n\t\t\t\tdata-cptch-class=\"cptch_wp_register\">Captcha wird geladen...<noscript>Um das CAPTCHA zu bestehen, aktivieren Sie bitte JavaScript.<\/noscript>\n\t\t\t\t<\/span><\/p><br \/>\n\t\t<div class=\"bbp-submit-wrapper\">\n\n\t\t\t<button type=\"submit\" name=\"user-submit\" class=\"button submit user-submit\">Registrieren<\/button>\n\n\t\t\t\n\t<input type=\"hidden\" name=\"action\"      value=\"register\" \/>\n\t<input type=\"hidden\" name=\"user-cookie\" value=\"1\" \/>\n\n\t<input type=\"hidden\" id=\"bbp_redirect_to\" name=\"redirect_to\" value=\"?checkemail=registered\" \/><input type=\"hidden\" id=\"_wpnonce\" name=\"_wpnonce\" value=\"03453ded6a\" \/><input type=\"hidden\" name=\"_wp_http_referer\" value=\"\/de\/wp-json\/wp\/v2\/pages\/317\" \/>\n\t\t<\/div>\n\n\t\t\n\t<\/fieldset>\n<\/form>\n<br><\/p>\n","protected":false},"excerpt":{"rendered":"","protected":false},"author":1,"featured_media":0,"parent":118,"menu_order":0,"comment_status":"closed","ping_status":"closed","template":"","meta":{"_bbp_topic_count":0,"_bbp_reply_count":0,"_bbp_total_topic_count":0,"_bbp_total_reply_count":0,"_bbp_voice_count":0,"_bbp_anonymous_reply_count":0,"_bbp_topic_count_hidden":0,"_bbp_reply_count_hidden":0,"_bbp_forum_subforum_count":0,"footnotes":""},"class_list":["post-317","page","type-page","status-publish"],"_links":{"self":[{"href":"https:\/\/www.ts-automation.eu\/de\/wp-json\/wp\/v2\/pages\/317","targetHints":{"allow":["GET"]}}],"collection":[{"href":"https:\/\/www.ts-automation.eu\/de\/wp-json\/wp\/v2\/pages"}],"about":[{"href":"https:\/\/www.ts-automation.eu\/de\/wp-json\/wp\/v2\/types\/page"}],"author":[{"embeddable":true,"href":"https:\/\/www.ts-automation.eu\/de\/wp-json\/wp\/v2\/users\/1"}],"replies":[{"embeddable":true,"href":"https:\/\/www.ts-automation.eu\/de\/wp-json\/wp\/v2\/comments?post=317"}],"version-history":[{"count":3,"href":"https:\/\/www.ts-automation.eu\/de\/wp-json\/wp\/v2\/pages\/317\/revisions"}],"predecessor-version":[{"id":326,"href":"https:\/\/www.ts-automation.eu\/de\/wp-json\/wp\/v2\/pages\/317\/revisions\/326"}],"up":[{"embeddable":true,"href":"https:\/\/www.ts-automation.eu\/de\/wp-json\/wp\/v2\/pages\/118"}],"wp:attachment":[{"href":"https:\/\/www.ts-automation.eu\/de\/wp-json\/wp\/v2\/media?parent=317"}],"curies":[{"name":"wp","href":"https:\/\/api.w.org\/{rel}","templated":true}]}}